{"id":678,"date":"2025-08-15T23:51:44","date_gmt":"2025-08-15T14:51:44","guid":{"rendered":"https:\/\/www.arita-fromage.com\/?page_id=678"},"modified":"2026-04-11T15:20:15","modified_gmt":"2026-04-11T06:20:15","slug":"enquete-de-degustation","status":"publish","type":"page","link":"https:\/\/www.arita-fromage.com\/index.php\/enquete-de-degustation\/","title":{"rendered":"Enqu\u00eate de d\u00e9gustation"},"content":{"rendered":"\t\t<div data-elementor-type=\"wp-page\" data-elementor-id=\"678\" class=\"elementor elementor-678\">\n\t\t\t\t<div class=\"elementor-element elementor-element-6a683ffb e-flex e-con-boxed e-con e-parent\" data-id=\"6a683ffb\" data-element_type=\"container\" data-e-type=\"container\">\n\t\t\t\t\t<div class=\"e-con-inner\">\n\t\t\t\t<div class=\"elementor-element elementor-element-4cffbdd8 elementor-widget elementor-widget-text-editor\" data-id=\"4cffbdd8\" data-element_type=\"widget\" data-e-type=\"widget\" data-widget_type=\"text-editor.default\">\n\t\t\t\t<div class=\"elementor-widget-container\">\n\t\t\t\t\t\t\t\t\t<p data-start=\"159\" data-end=\"451\">Depuis quelques mois, je m\u00e8ne une <strong data-start=\"193\" data-end=\"220\">enqu\u00eate de satisfaction<\/strong> sur le go\u00fbt de mes fromages d\u2019Arita, en collaboration avec plusieurs magasins.<br data-start=\"299\" data-end=\"302\" \/>N\u2019ayant pas encore l\u2019autorisation de les commercialiser, je les offre gratuitement depuis plusieurs ann\u00e9es afin de recueillir des retours pr\u00e9cieux.<\/p><p data-start=\"453\" data-end=\"654\">R\u00e9cemment, j\u2019ai atteint un <strong data-start=\"480\" data-end=\"529\">niveau de go\u00fbt que je juge pr\u00eat pour la vente<\/strong>. J\u2019ai donc commenc\u00e9 \u00e0 proposer mes fromages en d\u00e9gustation \u00e0 certains restaurants, afin d\u2019obtenir l\u2019avis de leurs clients.<\/p><p data-start=\"656\" data-end=\"982\">Une cheffe, particuli\u00e8rement s\u00e9duite par la qualit\u00e9 du fromage, m\u2019a m\u00eame demand\u00e9 de mettre en place un <strong data-start=\"759\" data-end=\"783\">formulaire d\u2019enqu\u00eate<\/strong> \u00e0 distribuer \u00e0 ses clients, accompagn\u00e9 d\u2019une portion de d\u00e9gustation. L\u2019objectif : \u00e9valuer la <strong data-start=\"877\" data-end=\"915\">r\u00e9ception du consommateur japonais<\/strong> face \u00e0 un fromage local \u00e9labor\u00e9 selon les traditions fran\u00e7aises.<\/p><p data-start=\"984\" data-end=\"1095\">Au<strong data-start=\"987\" data-end=\"1007\"> 11 Avril 2026<\/strong>, l\u2019enqu\u00eate comptait d\u00e9j\u00e0 <strong data-start=\"1033\" data-end=\"1049\">339 r\u00e9ponses<\/strong>, illustr\u00e9es dans les graphiques ci-dessous.<\/p><p data-start=\"1097\" data-end=\"1138\">Les r\u00e9sultats sont tr\u00e8s encourageants :<\/p><ul data-start=\"1139\" data-end=\"1285\"><li data-start=\"1139\" data-end=\"1219\"><p data-start=\"1141\" data-end=\"1219\"><strong data-start=\"1141\" data-end=\"1149\">71 %<\/strong> des participants trouvent le fromage <em data-start=\"1187\" data-end=\"1198\">d\u00e9licieux<\/em> voire <em data-start=\"1205\" data-end=\"1216\">excellent<\/em>.<\/p><\/li><li data-start=\"1220\" data-end=\"1285\"><p data-start=\"1222\" data-end=\"1285\"><strong data-start=\"1222\" data-end=\"1230\">66 %<\/strong> d\u00e9clarent qu\u2019ils le <strong data-start=\"1251\" data-end=\"1271\">recommanderaient<\/strong> \u00e0 d\u2019autres.<\/p><\/li><\/ul>\t\t\t\t\t\t\t\t<\/div>\n\t\t\t\t<\/div>\n\t\t\t\t\t<\/div>\n\t\t\t\t<\/div>\n\t\t<div class=\"elementor-element elementor-element-c87906b e-grid e-con-boxed e-con e-parent\" data-id=\"c87906b\" data-element_type=\"container\" data-e-type=\"container\">\n\t\t\t\t\t<div class=\"e-con-inner\">\n\t\t\t\t<div class=\"elementor-element elementor-element-d199419 elementor-widget elementor-widget-chart-builder\" data-id=\"d199419\" data-element_type=\"widget\" data-e-type=\"widget\" data-widget_type=\"chart-builder.default\">\n\t\t\t\t<div class=\"elementor-widget-container\">\n\t\t\t\t\t<div class=\"chart-elementor-container\"><div class='ays-chart-container-google ays-chart-container-4' id='ays-chart-container69f23428dec82' data-id='69f23428dec82'><div class='ays-chart-header-container'><div class='ays-chart-charts-title ays-chart-charts-title69f23428dec82'>Genre<\/div><\/div><div class='ays-chart-charts-main-container ays-chart-charts-main-container69f23428dec82' id=ays-chart-donut_chart69f23428dec82 data-type='donut_chart'><\/div><div class='ays-chart-actions-container'><div class='ays-chart-export-buttons' data-id='4'><\/div><\/div><\/div><\/div>\t\t\t\t<\/div>\n\t\t\t\t<\/div>\n\t\t\t\t<div class=\"elementor-element elementor-element-14ea4e5 elementor-widget elementor-widget-chart-builder\" data-id=\"14ea4e5\" data-element_type=\"widget\" data-e-type=\"widget\" data-widget_type=\"chart-builder.default\">\n\t\t\t\t<div class=\"elementor-widget-container\">\n\t\t\t\t\t<div class=\"chart-elementor-container\"><div class='ays-chart-container-google ays-chart-container-6' id='ays-chart-container69f23428df909' data-id='69f23428df909'><div class='ays-chart-header-container'><div class='ays-chart-charts-title ays-chart-charts-title69f23428df909'>Tranches d&#039;\u00e2ge<\/div><\/div><div class='ays-chart-charts-main-container ays-chart-charts-main-container69f23428df909' id=ays-chart-column_chart69f23428df909 data-type='column_chart'><\/div><div class='ays-chart-actions-container'><div class='ays-chart-export-buttons' data-id='6'><\/div><\/div><\/div><\/div>\t\t\t\t<\/div>\n\t\t\t\t<\/div>\n\t\t\t\t<div class=\"elementor-element elementor-element-73d0748 elementor-widget elementor-widget-chart-builder\" data-id=\"73d0748\" data-element_type=\"widget\" data-e-type=\"widget\" data-widget_type=\"chart-builder.default\">\n\t\t\t\t<div class=\"elementor-widget-container\">\n\t\t\t\t\t<div class=\"chart-elementor-container\"><div class='ays-chart-container-google ays-chart-container-9' id='ays-chart-container69f23428e0534' data-id='69f23428e0534'><div class='ays-chart-header-container'><div class='ays-chart-charts-title ays-chart-charts-title69f23428e0534'>\u2460 \u00c0 quelle fr\u00e9quence mangez-vous habituellement du fromage ?<\/div><div class='ays-chart-charts-description ays-chart-charts-description69f23428e0534'><\/div><\/div><div class='ays-chart-charts-main-container ays-chart-charts-main-container69f23428e0534' id=ays-chart-donut_chart69f23428e0534 data-type='donut_chart'><\/div><div class='ays-chart-actions-container'><div class='ays-chart-export-buttons' data-id='9'><\/div><\/div><\/div><\/div>\t\t\t\t<\/div>\n\t\t\t\t<\/div>\n\t\t\t\t<div class=\"elementor-element elementor-element-e8695ea elementor-widget elementor-widget-chart-builder\" data-id=\"e8695ea\" data-element_type=\"widget\" data-e-type=\"widget\" data-widget_type=\"chart-builder.default\">\n\t\t\t\t<div class=\"elementor-widget-container\">\n\t\t\t\t\t<div class=\"chart-elementor-container\"><div class='ays-chart-container-google ays-chart-container-12' id='ays-chart-container69f23428e1182' data-id='69f23428e1182'><div class='ays-chart-header-container'><div class='ays-chart-charts-title ays-chart-charts-title69f23428e1182'>\u2461 Avez-vous d\u00e9j\u00e0 essay\u00e9 le camembert ?<\/div><\/div><div class='ays-chart-charts-main-container ays-chart-charts-main-container69f23428e1182' id=ays-chart-donut_chart69f23428e1182 data-type='donut_chart'><\/div><div class='ays-chart-actions-container'><div class='ays-chart-export-buttons' data-id='12'><\/div><\/div><\/div><\/div>\t\t\t\t<\/div>\n\t\t\t\t<\/div>\n\t\t\t\t<div class=\"elementor-element elementor-element-2f9dce9 elementor-widget elementor-widget-chart-builder\" data-id=\"2f9dce9\" data-element_type=\"widget\" data-e-type=\"widget\" data-widget_type=\"chart-builder.default\">\n\t\t\t\t<div class=\"elementor-widget-container\">\n\t\t\t\t\t<div class=\"chart-elementor-container\"><div class='ays-chart-container-google ays-chart-container-16' id='ays-chart-container69f23428e1da8' data-id='69f23428e1da8'><div class='ays-chart-header-container'><div class='ays-chart-charts-title ays-chart-charts-title69f23428e1da8'>\u2462 Comment avez-vous aim\u00e9 la couleur du fromage ?<\/div><\/div><div class='ays-chart-charts-main-container ays-chart-charts-main-container69f23428e1da8' id=ays-chart-donut_chart69f23428e1da8 data-type='donut_chart'><\/div><div class='ays-chart-actions-container'><div class='ays-chart-export-buttons' data-id='16'><\/div><\/div><\/div><\/div>\t\t\t\t<\/div>\n\t\t\t\t<\/div>\n\t\t\t\t<div class=\"elementor-element elementor-element-b8c96ae elementor-widget elementor-widget-chart-builder\" data-id=\"b8c96ae\" data-element_type=\"widget\" data-e-type=\"widget\" data-widget_type=\"chart-builder.default\">\n\t\t\t\t<div class=\"elementor-widget-container\">\n\t\t\t\t\t<div class=\"chart-elementor-container\"><div class='ays-chart-container-google ays-chart-container-19' id='ays-chart-container69f23428e29df' data-id='69f23428e29df'><div class='ays-chart-header-container'><div class='ays-chart-charts-title ays-chart-charts-title69f23428e29df'>\u2463 Quel \u00e9tait l&#039;\u00e9tat de la surface (moisissure) ?<\/div><\/div><div class='ays-chart-charts-main-container ays-chart-charts-main-container69f23428e29df' id=ays-chart-donut_chart69f23428e29df data-type='donut_chart'><\/div><div class='ays-chart-actions-container'><div class='ays-chart-export-buttons' data-id='19'><\/div><\/div><\/div><\/div>\t\t\t\t<\/div>\n\t\t\t\t<\/div>\n\t\t\t\t<div class=\"elementor-element elementor-element-248deb5 elementor-widget elementor-widget-chart-builder\" data-id=\"248deb5\" data-element_type=\"widget\" data-e-type=\"widget\" data-widget_type=\"chart-builder.default\">\n\t\t\t\t<div class=\"elementor-widget-container\">\n\t\t\t\t\t<div class=\"chart-elementor-container\"><div class='ays-chart-container-google ays-chart-container-22' id='ays-chart-container69f23428e35e4' data-id='69f23428e35e4'><div class='ays-chart-header-container'><div class='ays-chart-charts-title ays-chart-charts-title69f23428e35e4'>\u2464 Quelle \u00e9tait l&#039;odeur du fromage ?<\/div><\/div><div class='ays-chart-charts-main-container ays-chart-charts-main-container69f23428e35e4' id=ays-chart-donut_chart69f23428e35e4 data-type='donut_chart'><\/div><div class='ays-chart-actions-container'><div class='ays-chart-export-buttons' data-id='22'><\/div><\/div><\/div><\/div>\t\t\t\t<\/div>\n\t\t\t\t<\/div>\n\t\t\t\t<div class=\"elementor-element elementor-element-4bd39e5 elementor-widget elementor-widget-chart-builder\" data-id=\"4bd39e5\" data-element_type=\"widget\" data-e-type=\"widget\" data-widget_type=\"chart-builder.default\">\n\t\t\t\t<div class=\"elementor-widget-container\">\n\t\t\t\t\t<div class=\"chart-elementor-container\"><div class='ays-chart-container-google ays-chart-container-25' id='ays-chart-container69f23428e422b' data-id='69f23428e422b'><div class='ays-chart-header-container'><div class='ays-chart-charts-title ays-chart-charts-title69f23428e422b'>\u2465 Quelle \u00e9tait la force de l&#039;odeur ?<\/div><\/div><div class='ays-chart-charts-main-container ays-chart-charts-main-container69f23428e422b' id=ays-chart-donut_chart69f23428e422b data-type='donut_chart'><\/div><div class='ays-chart-actions-container'><div class='ays-chart-export-buttons' data-id='25'><\/div><\/div><\/div><\/div>\t\t\t\t<\/div>\n\t\t\t\t<\/div>\n\t\t\t\t<div class=\"elementor-element elementor-element-fcddb3b elementor-widget elementor-widget-chart-builder\" data-id=\"fcddb3b\" data-element_type=\"widget\" data-e-type=\"widget\" data-widget_type=\"chart-builder.default\">\n\t\t\t\t<div class=\"elementor-widget-container\">\n\t\t\t\t\t<div class=\"chart-elementor-container\"><div class='ays-chart-container-google ays-chart-container-28' id='ays-chart-container69f23428e4e4c' data-id='69f23428e4e4c'><div class='ays-chart-header-container'><div class='ays-chart-charts-title ays-chart-charts-title69f23428e4e4c'>\u2466 Qu&#039;avez-vous ressenti lorsque vous l&#039;avez mis dans votre bouche ?<\/div><\/div><div class='ays-chart-charts-main-container ays-chart-charts-main-container69f23428e4e4c' id=ays-chart-donut_chart69f23428e4e4c data-type='donut_chart'><\/div><div class='ays-chart-actions-container'><div class='ays-chart-export-buttons' data-id='28'><\/div><\/div><\/div><\/div>\t\t\t\t<\/div>\n\t\t\t\t<\/div>\n\t\t\t\t<div class=\"elementor-element elementor-element-1a51216 elementor-widget elementor-widget-chart-builder\" data-id=\"1a51216\" data-element_type=\"widget\" data-e-type=\"widget\" data-widget_type=\"chart-builder.default\">\n\t\t\t\t<div class=\"elementor-widget-container\">\n\t\t\t\t\t<div class=\"chart-elementor-container\"><div class='ays-chart-container-google ays-chart-container-31' id='ays-chart-container69f23428e5a59' data-id='69f23428e5a59'><div class='ays-chart-header-container'><div class='ays-chart-charts-title ays-chart-charts-title69f23428e5a59'>\u2467 Quelle sensation cela a-t-il eu sur votre langue ?<\/div><\/div><div class='ays-chart-charts-main-container ays-chart-charts-main-container69f23428e5a59' id=ays-chart-donut_chart69f23428e5a59 data-type='donut_chart'><\/div><div class='ays-chart-actions-container'><div class='ays-chart-export-buttons' data-id='31'><\/div><\/div><\/div><\/div>\t\t\t\t<\/div>\n\t\t\t\t<\/div>\n\t\t\t\t<div class=\"elementor-element elementor-element-2931fb9 elementor-widget elementor-widget-chart-builder\" data-id=\"2931fb9\" data-element_type=\"widget\" data-e-type=\"widget\" data-widget_type=\"chart-builder.default\">\n\t\t\t\t<div class=\"elementor-widget-container\">\n\t\t\t\t\t<div class=\"chart-elementor-container\"><div class='ays-chart-container-google ays-chart-container-34' id='ays-chart-container69f23428e6688' data-id='69f23428e6688'><div class='ays-chart-header-container'><div class='ays-chart-charts-title ays-chart-charts-title69f23428e6688'>\u2468 Comment \u00e9tait la salinit\u00e9 du fromage ?<\/div><\/div><div class='ays-chart-charts-main-container ays-chart-charts-main-container69f23428e6688' id=ays-chart-donut_chart69f23428e6688 data-type='donut_chart'><\/div><div class='ays-chart-actions-container'><div class='ays-chart-export-buttons' data-id='34'><\/div><\/div><\/div><\/div>\t\t\t\t<\/div>\n\t\t\t\t<\/div>\n\t\t\t\t<div class=\"elementor-element elementor-element-2f1b42e elementor-widget elementor-widget-chart-builder\" data-id=\"2f1b42e\" data-element_type=\"widget\" data-e-type=\"widget\" data-widget_type=\"chart-builder.default\">\n\t\t\t\t<div class=\"elementor-widget-container\">\n\t\t\t\t\t<div class=\"chart-elementor-container\"><div class='ays-chart-container-google ays-chart-container-37' id='ays-chart-container69f23428e72d2' data-id='69f23428e72d2'><div class='ays-chart-header-container'><div class='ays-chart-charts-title ays-chart-charts-title69f23428e72d2'>\u2469 Comment avez-vous appr\u00e9ci\u00e9 la richesse (saveur) du fromage ?<\/div><\/div><div class='ays-chart-charts-main-container ays-chart-charts-main-container69f23428e72d2' id=ays-chart-donut_chart69f23428e72d2 data-type='donut_chart'><\/div><div class='ays-chart-actions-container'><div class='ays-chart-export-buttons' data-id='37'><\/div><\/div><\/div><\/div>\t\t\t\t<\/div>\n\t\t\t\t<\/div>\n\t\t\t\t<div class=\"elementor-element elementor-element-ce2d28a elementor-widget elementor-widget-chart-builder\" data-id=\"ce2d28a\" data-element_type=\"widget\" data-e-type=\"widget\" data-widget_type=\"chart-builder.default\">\n\t\t\t\t<div class=\"elementor-widget-container\">\n\t\t\t\t\t<div class=\"chart-elementor-container\"><div class='ays-chart-container-google ays-chart-container-40' id='ays-chart-container69f23428e7eeb' data-id='69f23428e7eeb'><div class='ays-chart-header-container'><div class='ays-chart-charts-title ays-chart-charts-title69f23428e7eeb'>\u246a Qu&#039;avez-vous pens\u00e9 de la saveur du fromage (lait, maturit\u00e9, etc.) ?<\/div><\/div><div class='ays-chart-charts-main-container ays-chart-charts-main-container69f23428e7eeb' id=ays-chart-donut_chart69f23428e7eeb data-type='donut_chart'><\/div><div class='ays-chart-actions-container'><div class='ays-chart-export-buttons' data-id='40'><\/div><\/div><\/div><\/div>\t\t\t\t<\/div>\n\t\t\t\t<\/div>\n\t\t\t\t<div class=\"elementor-element elementor-element-d27b234 elementor-widget elementor-widget-chart-builder\" data-id=\"d27b234\" data-element_type=\"widget\" data-e-type=\"widget\" data-widget_type=\"chart-builder.default\">\n\t\t\t\t<div class=\"elementor-widget-container\">\n\t\t\t\t\t<div class=\"chart-elementor-container\"><div class='ays-chart-container-google ays-chart-container-43' id='ays-chart-container69f23428e8af9' data-id='69f23428e8af9'><div class='ays-chart-header-container'><div class='ays-chart-charts-title ays-chart-charts-title69f23428e8af9'>\u246b Comment avez-vous appr\u00e9ci\u00e9 l\u2019\u00e9quilibre g\u00e9n\u00e9ral des saveurs ?<\/div><\/div><div class='ays-chart-charts-main-container ays-chart-charts-main-container69f23428e8af9' id=ays-chart-donut_chart69f23428e8af9 data-type='donut_chart'><\/div><div class='ays-chart-actions-container'><div class='ays-chart-export-buttons' data-id='43'><\/div><\/div><\/div><\/div>\t\t\t\t<\/div>\n\t\t\t\t<\/div>\n\t\t\t\t<div class=\"elementor-element elementor-element-5993507 elementor-widget elementor-widget-chart-builder\" data-id=\"5993507\" data-element_type=\"widget\" data-e-type=\"widget\" data-widget_type=\"chart-builder.default\">\n\t\t\t\t<div class=\"elementor-widget-container\">\n\t\t\t\t\t<div class=\"chart-elementor-container\"><div class='ays-chart-container-google ays-chart-container-46' id='ays-chart-container69f23428e96fa' data-id='69f23428e96fa'><div class='ays-chart-header-container'><div class='ays-chart-charts-title ays-chart-charts-title69f23428e96fa'>\u246c Veuillez donner votre note globale pour le fromage Camembert d&#039;Arita Fromage.<\/div><\/div><div class='ays-chart-charts-main-container ays-chart-charts-main-container69f23428e96fa' id=ays-chart-donut_chart69f23428e96fa data-type='donut_chart'><\/div><div class='ays-chart-actions-container'><div class='ays-chart-export-buttons' data-id='46'><\/div><\/div><\/div><\/div>\t\t\t\t<\/div>\n\t\t\t\t<\/div>\n\t\t\t\t<div class=\"elementor-element elementor-element-6d40f07 elementor-widget elementor-widget-chart-builder\" data-id=\"6d40f07\" data-element_type=\"widget\" data-e-type=\"widget\" data-widget_type=\"chart-builder.default\">\n\t\t\t\t<div class=\"elementor-widget-container\">\n\t\t\t\t\t<div class=\"chart-elementor-container\"><div class='ays-chart-container-google ays-chart-container-49' id='ays-chart-container69f23428ea3b1' data-id='69f23428ea3b1'><div class='ays-chart-header-container'><div class='ays-chart-charts-title ays-chart-charts-title69f23428ea3b1'>\u246d Recommanderiez-vous ce camembert \u00e0 vos amis et \u00e0 votre famille ?<\/div><\/div><div class='ays-chart-charts-main-container ays-chart-charts-main-container69f23428ea3b1' id=ays-chart-donut_chart69f23428ea3b1 data-type='donut_chart'><\/div><div class='ays-chart-actions-container'><div class='ays-chart-export-buttons' data-id='49'><\/div><\/div><\/div><\/div>\t\t\t\t<\/div>\n\t\t\t\t<\/div>\n\t\t\t\t\t<\/div>\n\t\t\t\t<\/div>\n\t\t<div class=\"elementor-element elementor-element-c75621f e-flex e-con-boxed e-con e-parent\" data-id=\"c75621f\" data-element_type=\"container\" data-e-type=\"container\">\n\t\t\t\t\t<div class=\"e-con-inner\">\n\t\t\t\t\t<\/div>\n\t\t\t\t<\/div>\n\t\t\t\t<\/div>\n\t\t","protected":false},"excerpt":{"rendered":"<p>Depuis quelques mois, je m\u00e8ne une enqu\u00eate de satisfaction sur le go\u00fbt de mes fromages d\u2019Arita, en collaboration avec plusieurs magasins.N\u2019ayant pas encore l\u2019autorisation de les commercialiser, je les offre gratuitement depuis plusieurs ann\u00e9es afin de recueillir des retours pr\u00e9cieux. R\u00e9cemment, j\u2019ai atteint un niveau de go\u00fbt que je juge pr\u00eat pour la vente. J\u2019ai [&hellip;]<\/p>\n","protected":false},"author":1,"featured_media":0,"parent":0,"menu_order":0,"comment_status":"closed","ping_status":"closed","template":"","meta":{"ocean_post_layout":"","ocean_both_sidebars_style":"","ocean_both_sidebars_content_width":0,"ocean_both_sidebars_sidebars_width":0,"ocean_sidebar":"","ocean_second_sidebar":"","ocean_disable_margins":"enable","ocean_add_body_class":"","ocean_shortcode_before_top_bar":"","ocean_shortcode_after_top_bar":"","ocean_shortcode_before_header":"","ocean_shortcode_after_header":"","ocean_has_shortcode":"","ocean_shortcode_after_title":"","ocean_shortcode_before_footer_widgets":"","ocean_shortcode_after_footer_widgets":"","ocean_shortcode_before_footer_bottom":"","ocean_shortcode_after_footer_bottom":"","ocean_display_top_bar":"default","ocean_display_header":"default","ocean_header_style":"","ocean_center_header_left_menu":"","ocean_custom_header_template":"","ocean_custom_logo":0,"ocean_custom_retina_logo":0,"ocean_custom_logo_max_width":0,"ocean_custom_logo_tablet_max_width":0,"ocean_custom_logo_mobile_max_width":0,"ocean_custom_logo_max_height":0,"ocean_custom_logo_tablet_max_height":0,"ocean_custom_logo_mobile_max_height":0,"ocean_header_custom_menu":"","ocean_menu_typo_font_family":"","ocean_menu_typo_font_subset":"","ocean_menu_typo_font_size":0,"ocean_menu_typo_font_size_tablet":0,"ocean_menu_typo_font_size_mobile":0,"ocean_menu_typo_font_size_unit":"px","ocean_menu_typo_font_weight":"","ocean_menu_typo_font_weight_tablet":"","ocean_menu_typo_font_weight_mobile":"","ocean_menu_typo_transform":"","ocean_menu_typo_transform_tablet":"","ocean_menu_typo_transform_mobile":"","ocean_menu_typo_line_height":0,"ocean_menu_typo_line_height_tablet":0,"ocean_menu_typo_line_height_mobile":0,"ocean_menu_typo_line_height_unit":"","ocean_menu_typo_spacing":0,"ocean_menu_typo_spacing_tablet":0,"ocean_menu_typo_spacing_mobile":0,"ocean_menu_typo_spacing_unit":"","ocean_menu_link_color":"","ocean_menu_link_color_hover":"","ocean_menu_link_color_active":"","ocean_menu_link_background":"","ocean_menu_link_hover_background":"","ocean_menu_link_active_background":"","ocean_menu_social_links_bg":"","ocean_menu_social_hover_links_bg":"","ocean_menu_social_links_color":"","ocean_menu_social_hover_links_color":"","ocean_disable_title":"default","ocean_disable_heading":"default","ocean_post_title":"","ocean_post_subheading":"","ocean_post_title_style":"","ocean_post_title_background_color":"","ocean_post_title_background":0,"ocean_post_title_bg_image_position":"","ocean_post_title_bg_image_attachment":"","ocean_post_title_bg_image_repeat":"","ocean_post_title_bg_image_size":"","ocean_post_title_height":0,"ocean_post_title_bg_overlay":0.5,"ocean_post_title_bg_overlay_color":"","ocean_disable_breadcrumbs":"default","ocean_breadcrumbs_color":"","ocean_breadcrumbs_separator_color":"","ocean_breadcrumbs_links_color":"","ocean_breadcrumbs_links_hover_color":"","ocean_display_footer_widgets":"default","ocean_display_footer_bottom":"default","ocean_custom_footer_template":"","footnotes":""},"class_list":["post-678","page","type-page","status-publish","hentry","entry"],"_links":{"self":[{"href":"https:\/\/www.arita-fromage.com\/index.php\/wp-json\/wp\/v2\/pages\/678","targetHints":{"allow":["GET"]}}],"collection":[{"href":"https:\/\/www.arita-fromage.com\/index.php\/wp-json\/wp\/v2\/pages"}],"about":[{"href":"https:\/\/www.arita-fromage.com\/index.php\/wp-json\/wp\/v2\/types\/page"}],"author":[{"embeddable":true,"href":"https:\/\/www.arita-fromage.com\/index.php\/wp-json\/wp\/v2\/users\/1"}],"replies":[{"embeddable":true,"href":"https:\/\/www.arita-fromage.com\/index.php\/wp-json\/wp\/v2\/comments?post=678"}],"version-history":[{"count":135,"href":"https:\/\/www.arita-fromage.com\/index.php\/wp-json\/wp\/v2\/pages\/678\/revisions"}],"predecessor-version":[{"id":1411,"href":"https:\/\/www.arita-fromage.com\/index.php\/wp-json\/wp\/v2\/pages\/678\/revisions\/1411"}],"wp:attachment":[{"href":"https:\/\/www.arita-fromage.com\/index.php\/wp-json\/wp\/v2\/media?parent=678"}],"curies":[{"name":"wp","href":"https:\/\/api.w.org\/{rel}","templated":true}]}}