{"id":482,"date":"2025-08-10T17:12:04","date_gmt":"2025-08-10T15:12:04","guid":{"rendered":"https:\/\/www.arita-fromage.com\/?page_id=482"},"modified":"2025-09-23T00:51:42","modified_gmt":"2025-09-22T15:51:42","slug":"hommage-a-steven","status":"publish","type":"page","link":"https:\/\/www.arita-fromage.com\/index.php\/hommage-a-steven\/","title":{"rendered":"Hommage \u00e0 Steven"},"content":{"rendered":"\t\t<div data-elementor-type=\"wp-page\" data-elementor-id=\"482\" class=\"elementor elementor-482\">\n\t\t\t\t<div class=\"elementor-element elementor-element-edb9169 e-flex e-con-boxed e-con e-parent\" data-id=\"edb9169\" data-element_type=\"container\" data-e-type=\"container\">\n\t\t\t\t\t<div class=\"e-con-inner\">\n\t\t<div class=\"elementor-element elementor-element-2a23c26 e-con-full e-flex e-con e-child\" data-id=\"2a23c26\" data-element_type=\"container\" data-e-type=\"container\">\n\t\t\t\t<div class=\"elementor-element elementor-element-323419c elementor-widget elementor-widget-image\" data-id=\"323419c\" data-element_type=\"widget\" data-e-type=\"widget\" data-widget_type=\"image.default\">\n\t\t\t\t<div class=\"elementor-widget-container\">\n\t\t\t\t\t\t\t\t\t\t\t\t<figure class=\"wp-caption\">\n\t\t\t\t\t\t\t\t\t\t\t<a href=\"https:\/\/www.arita-fromage.com\/wp-content\/uploads\/2025\/08\/Steven_810x1080.jpg\" data-elementor-open-lightbox=\"yes\" data-elementor-lightbox-title=\"Steven\" data-e-action-hash=\"#elementor-action%3Aaction%3Dlightbox%26settings%3DeyJpZCI6NDg1LCJ1cmwiOiJodHRwczpcL1wvd3d3LmFyaXRhLWZyb21hZ2UuY29tXC93cC1jb250ZW50XC91cGxvYWRzXC8yMDI1XC8wOFwvU3RldmVuXzgxMHgxMDgwLmpwZyJ9\">\n\t\t\t\t\t\t\t<img decoding=\"async\" src=\"https:\/\/www.arita-fromage.com\/wp-content\/uploads\/2025\/08\/Steven_810x1080.jpg\" title=\"Steven\" alt=\"Steven\" loading=\"lazy\" \/>\t\t\t\t\t\t\t\t<\/a>\n\t\t\t\t\t\t\t\t\t\t\t<figcaption class=\"widget-image-caption wp-caption-text\">Steven<\/figcaption>\n\t\t\t\t\t\t\t\t\t\t<\/figure>\n\t\t\t\t\t\t\t\t\t<\/div>\n\t\t\t\t<\/div>\n\t\t\t\t<\/div>\n\t\t<div class=\"elementor-element elementor-element-a4ac38a e-con-full e-flex e-con e-child\" data-id=\"a4ac38a\" data-element_type=\"container\" data-e-type=\"container\">\n\t\t\t\t<div class=\"elementor-element elementor-element-0a3bd88 elementor-widget elementor-widget-text-editor\" data-id=\"0a3bd88\" data-element_type=\"widget\" data-e-type=\"widget\" data-widget_type=\"text-editor.default\">\n\t\t\t\t<div class=\"elementor-widget-container\">\n\t\t\t\t\t\t\t\t\t<p data-start=\"174\" data-end=\"363\">Je souhaite rendre un hommage sinc\u00e8re et vibrant \u00e0 <strong data-start=\"225\" data-end=\"239\">Steve Rife<\/strong>, que nous appelions tous affectueusement <em data-start=\"281\" data-end=\"289\">Steven<\/em>, mon ami am\u00e9ricain qui nous a quitt\u00e9s bien trop t\u00f4t, durant l\u2019\u00e9t\u00e9 2024.<\/p><p data-start=\"365\" data-end=\"581\">Professeur d\u2019anglais et amoureux passionn\u00e9 de sa ville d\u2019<strong data-start=\"422\" data-end=\"431\">Arita<\/strong>, o\u00f9 il s\u2019\u00e9tait install\u00e9 il y a plus de quarante ans, Steven rayonnait par sa joie de vivre, sa curiosit\u00e9 insatiable et sa bonne humeur contagieuse.<\/p><p data-start=\"583\" data-end=\"735\">C\u2019est lui qui a \u00e9t\u00e9 le v\u00e9ritable <strong data-start=\"616\" data-end=\"649\">d\u00e9clencheur de cette aventure<\/strong>. Un jour, autour d\u2019un repas convivial, il m\u2019a lanc\u00e9 sur le ton de la plaisanterie :<\/p><blockquote data-start=\"736\" data-end=\"825\"><p data-start=\"738\" data-end=\"825\"><em data-start=\"738\" data-end=\"823\">\u00ab Si tu n\u2019es pas satisfait des camemberts du Japon, alors fabrique-les toi-m\u00eame ! \u00bb<\/em><\/p><\/blockquote><p data-start=\"827\" data-end=\"1089\">Quatre mois plus tard, nous partagions ensemble les premiers fromages. Ils n\u2019\u00e9taient pas encore les <em data-start=\"928\" data-end=\"943\">Arita Fromage<\/em>, mais c\u2019\u00e9tait le d\u00e9but d\u2019une belle histoire. La photo ci-contre de Steven a d\u2019ailleurs \u00e9t\u00e9 prise lors de cette d\u00e9gustation en <strong data-start=\"1070\" data-end=\"1086\">juillet 2022<\/strong>.<\/p><p data-start=\"1091\" data-end=\"1238\">Steven, tu es parti trop t\u00f4t. Cette maladie cruelle t\u2019a emp\u00each\u00e9 de go\u00fbter le fruit final de cette aventure que tu avais, sans le savoir, initi\u00e9e.<\/p><p data-start=\"1240\" data-end=\"1378\"><strong data-start=\"1240\" data-end=\"1268\">Merci pour tout, Steven.<\/strong><br data-start=\"1268\" data-end=\"1271\" \/>Chaque semaine, en fabriquant mes <em data-start=\"1305\" data-end=\"1320\">Arita Fromage<\/em>, je pense \u00e0 toi. Et je continuerai toujours \u00e0 le faire.<\/p><p data-start=\"1380\" data-end=\"1402\">Ton ami,<br data-start=\"1388\" data-end=\"1391\" \/><strong data-start=\"1391\" data-end=\"1400\">David<\/strong><\/p>\t\t\t\t\t\t\t\t<\/div>\n\t\t\t\t<\/div>\n\t\t\t\t<\/div>\n\t\t\t\t\t<\/div>\n\t\t\t\t<\/div>\n\t\t\t\t<\/div>\n\t\t","protected":false},"excerpt":{"rendered":"<p>Steven Je souhaite rendre un hommage sinc\u00e8re et vibrant \u00e0 Steve Rife, que nous appelions tous affectueusement Steven, mon ami am\u00e9ricain qui nous a quitt\u00e9s bien trop t\u00f4t, durant l\u2019\u00e9t\u00e9 2024. Professeur d\u2019anglais et amoureux passionn\u00e9 de sa ville d\u2019Arita, o\u00f9 il s\u2019\u00e9tait install\u00e9 il y a plus de quarante ans, Steven rayonnait par sa [&hellip;]<\/p>\n","protected":false},"author":1,"featured_media":0,"parent":0,"menu_order":0,"comment_status":"closed","ping_status":"closed","template":"","meta":{"ocean_post_layout":"","ocean_both_sidebars_style":"","ocean_both_sidebars_content_width":0,"ocean_both_sidebars_sidebars_width":0,"ocean_sidebar":"","ocean_second_sidebar":"","ocean_disable_margins":"enable","ocean_add_body_class":"","ocean_shortcode_before_top_bar":"","ocean_shortcode_after_top_bar":"","ocean_shortcode_before_header":"","ocean_shortcode_after_header":"","ocean_has_shortcode":"","ocean_shortcode_after_title":"","ocean_shortcode_before_footer_widgets":"","ocean_shortcode_after_footer_widgets":"","ocean_shortcode_before_footer_bottom":"","ocean_shortcode_after_footer_bottom":"","ocean_display_top_bar":"default","ocean_display_header":"default","ocean_header_style":"","ocean_center_header_left_menu":"","ocean_custom_header_template":"","ocean_custom_logo":0,"ocean_custom_retina_logo":0,"ocean_custom_logo_max_width":0,"ocean_custom_logo_tablet_max_width":0,"ocean_custom_logo_mobile_max_width":0,"ocean_custom_logo_max_height":0,"ocean_custom_logo_tablet_max_height":0,"ocean_custom_logo_mobile_max_height":0,"ocean_header_custom_menu":"","ocean_menu_typo_font_family":"","ocean_menu_typo_font_subset":"","ocean_menu_typo_font_size":0,"ocean_menu_typo_font_size_tablet":0,"ocean_menu_typo_font_size_mobile":0,"ocean_menu_typo_font_size_unit":"px","ocean_menu_typo_font_weight":"","ocean_menu_typo_font_weight_tablet":"","ocean_menu_typo_font_weight_mobile":"","ocean_menu_typo_transform":"","ocean_menu_typo_transform_tablet":"","ocean_menu_typo_transform_mobile":"","ocean_menu_typo_line_height":0,"ocean_menu_typo_line_height_tablet":0,"ocean_menu_typo_line_height_mobile":0,"ocean_menu_typo_line_height_unit":"","ocean_menu_typo_spacing":0,"ocean_menu_typo_spacing_tablet":0,"ocean_menu_typo_spacing_mobile":0,"ocean_menu_typo_spacing_unit":"","ocean_menu_link_color":"","ocean_menu_link_color_hover":"","ocean_menu_link_color_active":"","ocean_menu_link_background":"","ocean_menu_link_hover_background":"","ocean_menu_link_active_background":"","ocean_menu_social_links_bg":"","ocean_menu_social_hover_links_bg":"","ocean_menu_social_links_color":"","ocean_menu_social_hover_links_color":"","ocean_disable_title":"default","ocean_disable_heading":"default","ocean_post_title":"","ocean_post_subheading":"","ocean_post_title_style":"","ocean_post_title_background_color":"","ocean_post_title_background":0,"ocean_post_title_bg_image_position":"","ocean_post_title_bg_image_attachment":"","ocean_post_title_bg_image_repeat":"","ocean_post_title_bg_image_size":"","ocean_post_title_height":0,"ocean_post_title_bg_overlay":0.5,"ocean_post_title_bg_overlay_color":"","ocean_disable_breadcrumbs":"default","ocean_breadcrumbs_color":"","ocean_breadcrumbs_separator_color":"","ocean_breadcrumbs_links_color":"","ocean_breadcrumbs_links_hover_color":"","ocean_display_footer_widgets":"default","ocean_display_footer_bottom":"default","ocean_custom_footer_template":"","footnotes":""},"class_list":["post-482","page","type-page","status-publish","hentry","entry"],"_links":{"self":[{"href":"https:\/\/www.arita-fromage.com\/index.php\/wp-json\/wp\/v2\/pages\/482","targetHints":{"allow":["GET"]}}],"collection":[{"href":"https:\/\/www.arita-fromage.com\/index.php\/wp-json\/wp\/v2\/pages"}],"about":[{"href":"https:\/\/www.arita-fromage.com\/index.php\/wp-json\/wp\/v2\/types\/page"}],"author":[{"embeddable":true,"href":"https:\/\/www.arita-fromage.com\/index.php\/wp-json\/wp\/v2\/users\/1"}],"replies":[{"embeddable":true,"href":"https:\/\/www.arita-fromage.com\/index.php\/wp-json\/wp\/v2\/comments?post=482"}],"version-history":[{"count":10,"href":"https:\/\/www.arita-fromage.com\/index.php\/wp-json\/wp\/v2\/pages\/482\/revisions"}],"predecessor-version":[{"id":970,"href":"https:\/\/www.arita-fromage.com\/index.php\/wp-json\/wp\/v2\/pages\/482\/revisions\/970"}],"wp:attachment":[{"href":"https:\/\/www.arita-fromage.com\/index.php\/wp-json\/wp\/v2\/media?parent=482"}],"curies":[{"name":"wp","href":"https:\/\/api.w.org\/{rel}","templated":true}]}}